{"id":16,"date":"2010-08-30T15:06:24","date_gmt":"2010-08-30T15:06:24","guid":{"rendered":"http:\/\/localhost\/www\/testword\/?page_id=16"},"modified":"2020-10-04T14:32:14","modified_gmt":"2020-10-04T14:32:14","slug":"16-2","status":"publish","type":"page","link":"https:\/\/maths-simao.fr\/?page_id=16","title":{"rendered":"TICE"},"content":{"rendered":"\n<h2 class=\"wp-block-heading\">Python<\/h2>\n\n\n\n<h4 class=\"wp-block-heading\">En ligne<\/h4>\n\n\n\n<ul><li><a href=\"https:\/\/python.infobrisson.fr\/\">Basthon<\/a> une solution tr\u00e8s pratique pour faire du Python en ligne, de nombreux modules disponibles<\/li><li>Laboratoire Python du livre scolaire : <a href=\"https:\/\/www.lelivrescolaire.fr\/outils\/console-python\">https:\/\/www.lelivrescolaire.fr\/outils\/console-python<\/a><\/li><li><a href=\"https:\/\/repl.it\/\">Repl.it<\/a> <\/li><li>Trinket : <a href=\"https:\/\/trinket.io\/python\">https:\/\/trinket.io\/python<\/a><\/li><\/ul>\n\n\n\n<h4 class=\"wp-block-heading\">Installer sur ordinateur<\/h4>\n\n\n\n<ul><li><a href=\"https:\/\/edupython.tuxfamily.org\/\">EduPython<\/a>  C&rsquo;est une distribution Python, portable. On peut l&rsquo;installer sur une clef USB<\/li><\/ul>\n\n\n\n<ul><li><a href=\"https:\/\/www.anaconda.com\/products\/individual\">Anaconda<\/a> , une autre distribution pour les ordinateurs \u00e0 configuration muscl\u00e9e. <\/li><\/ul>\n\n\n\n<p>A son installation, Anaconda installera Python ainsi qu\u2019une multitude de packages (voir&nbsp;<a href=\"https:\/\/docs.anaconda.com\/anaconda\/packages\/pkg-docs#python-3-6\" target=\"_blank\" rel=\"noreferrer noopener\">liste de packages anaconda<\/a>). &nbsp;Cela nous \u00e9vite de nous ruer dans les probl\u00e8mes d\u2019incompatibilit\u00e9s entre les diff\u00e9rents packages.<\/p>\n\n\n\n<h4 class=\"wp-block-heading\">Installer sur une tablette<\/h4>\n\n\n\n<p>Application conseill\u00e9es :  <a href=\"https:\/\/play.google.com\/store\/apps\/details?id=ru.iiec.pydroid3&amp;hl=fr\">Pydroid3<\/a><\/p>\n\n\n\n<p>Alternative possible pour \u00e9viter les pubs : <a href=\"https:\/\/play.google.com\/store\/apps\/details?id=org.qpython.qpy3&amp;hl=fr\">QPython 3L<\/a><\/p>\n\n\n\n<h2 class=\"wp-block-heading\">Calculatrices<\/h2>\n\n\n\n<h4 class=\"wp-block-heading\">TI 83 CE Python<\/h4>\n\n\n\n<ul><li><a href=\"https:\/\/maths-simao.fr\/wp-content\/uploads\/2020\/08\/MANUEL-CALCULATRICE-TI-83-Premium-CE.pdf\">Manuel d&rsquo;utilisation<\/a><\/li><li><a href=\"https:\/\/education.ti.com\/fr\/software\/update\/83-ce-software-update\/83ce-download?q1=83-ce-py&amp;count=1\">TI Connect<\/a>, pour \u00e9changer des fichiers avec son ordinateurs<\/li><\/ul>\n\n\n\n<h4 class=\"wp-block-heading\">CASIO 35+E<\/h4>\n\n\n\n<ul><li><a href=\"https:\/\/maths-simao.fr\/wp-content\/uploads\/2020\/09\/GRAPH35_EII_Logiciel_v3.10.pdf\">Manuel d&rsquo;utilisation<\/a><\/li><li><\/li><\/ul>\n\n\n\n<h4 class=\"wp-block-heading\">Numworks<\/h4>\n\n\n\n<ul><li><a href=\"https:\/\/maths-simao.fr\/wp-content\/uploads\/2020\/08\/book.pdf\">Manuel d&rsquo;utilisation<\/a><\/li><li><a href=\"https:\/\/www.numworks.com\/fr\/simulateur\/\">Emulateur gratuit en ligne<\/a><\/li><li>Application Numworks pour <a href=\"https:\/\/play.google.com\/store\/apps\/details?id=com.numworks.calculator&amp;hl=fr\">Android <\/a>et <a href=\"https:\/\/apps.apple.com\/fr\/app\/calculatrice-numworks\/id1456585807\">Apple<\/a> <\/li><\/ul>\n\n\n\n<p><\/p>\n\n\n\n<h2 class=\"wp-block-heading\">G\u00e9og\u00e9bra<\/h2>\n\n\n<p>G\u00e9og\u00e9bra est un logiciel permettant de tracer des figures g\u00e9om\u00e9triques ( 2d ou 3d) et des fonctions, ont peut aussi l&rsquo;utiliser pour calculers des probabilit\u00e9s de lois.<\/p>\n<ol>\n<li>Vous pouvez utilisez en cliquant <a href=\"https:\/\/www.geogebra.org\/apps\">ICI<\/a><\/li>\n<li>Un excellent guide pour maitriser g\u00e9og\u00e9bra, cr\u00e9er avec G\u00e9og\u00e9bra, voici un extrair pour les manipulations de base : <a href=\"http:\/\/www.univ-irem.fr\/lexique\/res\/ft18-Manipulations_de_base.pdf\">cliquer ici&nbsp;<\/a><\/li>\n<\/ol>\n<hr>\n<p><\/p>","protected":false},"excerpt":{"rendered":"<p>Python En ligne Basthon une solution tr\u00e8s pratique pour faire du Python en ligne, de nombreux modules disponibles Laboratoire Python du livre scolaire : https:\/\/www.lelivrescolaire.fr\/outils\/console-python Repl.it Trinket : https:\/\/trinket.io\/python Installer sur ordinateur EduPython C&rsquo;est une distribution Python, portable. On peut l&rsquo;installer sur une clef USB Anaconda , une autre distribution pour les ordinateurs \u00e0 configuration [&hellip;]<\/p>\n","protected":false},"author":2,"featured_media":0,"parent":0,"menu_order":0,"comment_status":"open","ping_status":"open","template":"","meta":{"footnotes":""},"_links":{"self":[{"href":"https:\/\/maths-simao.fr\/index.php?rest_route=\/wp\/v2\/pages\/16"}],"collection":[{"href":"https:\/\/maths-simao.fr\/index.php?rest_route=\/wp\/v2\/pages"}],"about":[{"href":"https:\/\/maths-simao.fr\/index.php?rest_route=\/wp\/v2\/types\/page"}],"author":[{"embeddable":true,"href":"https:\/\/maths-simao.fr\/index.php?rest_route=\/wp\/v2\/users\/2"}],"replies":[{"embeddable":true,"href":"https:\/\/maths-simao.fr\/index.php?rest_route=%2Fwp%2Fv2%2Fcomments&post=16"}],"version-history":[{"count":30,"href":"https:\/\/maths-simao.fr\/index.php?rest_route=\/wp\/v2\/pages\/16\/revisions"}],"predecessor-version":[{"id":1700,"href":"https:\/\/maths-simao.fr\/index.php?rest_route=\/wp\/v2\/pages\/16\/revisions\/1700"}],"wp:attachment":[{"href":"https:\/\/maths-simao.fr\/index.php?rest_route=%2Fwp%2Fv2%2Fmedia&parent=16"}],"curies":[{"name":"wp","href":"https:\/\/api.w.org\/{rel}","templated":true}]}}