{"id":76,"date":"2020-08-14T14:17:59","date_gmt":"2020-08-14T14:17:59","guid":{"rendered":"http:\/\/sebastien.simao.free.fr\/?page_id=76"},"modified":"2020-10-04T14:37:16","modified_gmt":"2020-10-04T14:37:16","slug":"exercices-en-ligne","status":"publish","type":"page","link":"https:\/\/maths-simao.fr\/?page_id=76","title":{"rendered":"Travail hors classe"},"content":{"rendered":"\n<h2 class=\"wp-block-heading\">Consolider ses acquis&nbsp;<\/h2>\n\n\n<ol>\n<li><strong>Maths et tiques : <\/strong>Par l&rsquo;excellent Yvon Monka ,chaine youtube vid\u00e9o de cours et exercices corrig\u00e9s\u00a0 par notions et niveaux\u00a0 <a href=\"https:\/\/www.maths-et-tiques.fr\/\">cliquer ici<\/a><\/li>\n<li><strong>Lumni seconde :<\/strong> vid\u00e9os sur France 4 pendant le confinement pour les secondes, <a href=\"https:\/\/www.lumni.fr\/lycee\/seconde\/mathematiques\">cliquer ici<\/a><\/li>\n<li><strong>Lumni premi\u00e8re :<\/strong> vid\u00e9os sur France 4 pendant le confinement pour les premi\u00e8res, <a href=\"https:\/\/www.lumni.fr\/lycee\/premiere\/specialites\/maths\">cliquer ici<\/a><\/li>\n<li><strong>J&rsquo;ai compris <\/strong>Cours et exercices corrig\u00e9s en vid\u00e9o comme en classe, <a href=\"http:\/\/www.jaicompris.com\/\">cliquer ici<\/a><\/li>\n<li><strong>Multimaths<\/strong> : Des d&rsquo;applications tous supports ( t\u00e9l\u00e9phone, ordinateurs ) pour s&rsquo;entrainer sur des th\u00e8mes enseign\u00e9s au coll\u00e8ge : calcul ( table ou litt\u00e9ral) , g\u00e9om\u00e9trie : <a href=\"http:\/\/www.multimaths.net\/\">cliquer ici<\/a><\/li>\n<li><a href=\"https:\/\/coopmaths.fr\/\">CoopMaths<\/a> G\u00e9n\u00e9ration automatique d&rsquo;exercices al\u00e9atoires corrig\u00e9s<\/li>\n<\/ol>\n\n\n<h2 class=\"wp-block-heading\">R\u00e9viser<\/h2>\n\n\n\n<ol><li><strong>Cahier de r\u00e9visions<\/strong> 3\u00e8me  : <a href=\"https:\/\/maths-simao.fr\/wp-content\/uploads\/2020\/08\/CahierVacances3e-2.pdf\">cliquer ici <\/a><\/li><li><strong>Cahier de r\u00e9visions<\/strong> Seconde : <a href=\"https:\/\/maths-simao.fr\/wp-content\/uploads\/2020\/08\/Livret_2nde_VF-1.pdf\">Cliquer ici <\/a><\/li><li><strong>Annales des \u00e9preuves communes de premi\u00e8re annul\u00e9es\u00a0 sur le site de l&rsquo;APMEP : <\/strong>\u00a0 \u00a0<a href=\"https:\/\/www.apmep.fr\/Epreuves-de-janvier-2020\">cliquer ici<\/a><\/li><\/ol>\n\n\n\n<h2 class=\"wp-block-heading\">Approfondir sa culture math\u00e9matique<\/h2>\n\n\n\n<ol><li><strong>Image des maths :<\/strong> <a href=\"https:\/\/images.math.cnrs.fr\/\">cliquer ici<\/a><\/li><li><strong>Culture des maths :<\/strong> <a href=\"https:\/\/culturemath.ens.fr\/\">cliquer ici<\/a><\/li><li><strong>Chaine youtube de Mickael Launnay :<\/strong> <a href=\"https:\/\/www.youtube.com\/channel\/UC4PasDd25MXqlXBogBw9CAg\">cliquer ici<\/a><\/li><li><strong>Chaine youtube Le Myriagon :<\/strong> <a href=\"https:\/\/www.youtube.com\/channel\/UCvYEpQbJ81n2pjrQrKUrRog\">cliquer ici<\/a><\/li><li><strong>Chaine youtube ELJJ :<\/strong> <a href=\"https:\/\/www.youtube.com\/channel\/UCvYEpQbJ81n2pjrQrKUrRog\">cliquer ici<\/a><\/li><li><strong>Parlons Maths :<\/strong> <a href=\"https:\/\/parlons-maths.fr\/\">cliquer ici <\/a><\/li><li><strong>Maths en Jeans :<\/strong> Chaine youtube du congr\u00e8s virtuel. <a href=\"https:\/\/www.youtube.com\/channel\/UC-nyKjL7JY4hB0YsgM0xymA\">Cliquer ici<\/a> <\/li><\/ol>\n\n\n\n<h2 class=\"wp-block-heading\">Programmation<\/h2>\n\n\n\n<ol><li><strong>Concours Castor<\/strong> : <a href=\"https:\/\/castor-informatique.fr\/\">cliquer ici<\/a><\/li><li><strong>Concours Algor\u00e9a : <\/strong><a href=\"https:\/\/algorea.org\/#\/\">cliquer ici<\/a><\/li><li><strong>Entrainement \u00e0 Python sur France IOI <\/strong>: <a href=\"http:\/\/www.france-ioi.org\/algo\/chapters.php\">cliquer ici <\/a><\/li><\/ol>\n\n\n\n<p><\/p>\n","protected":false},"excerpt":{"rendered":"<p>Consolider ses acquis&nbsp; Maths et tiques : Par l&rsquo;excellent Yvon Monka ,chaine youtube vid\u00e9o de cours et exercices corrig\u00e9s\u00a0 par notions et niveaux\u00a0 cliquer ici Lumni seconde : vid\u00e9os sur France 4 pendant le confinement pour les secondes, cliquer ici Lumni premi\u00e8re : vid\u00e9os sur France 4 pendant le confinement pour les premi\u00e8res, cliquer ici [&hellip;]<\/p>\n","protected":false},"author":1,"featured_media":0,"parent":0,"menu_order":2,"comment_status":"open","ping_status":"closed","template":"","meta":{"footnotes":""},"_links":{"self":[{"href":"https:\/\/maths-simao.fr\/index.php?rest_route=\/wp\/v2\/pages\/76"}],"collection":[{"href":"https:\/\/maths-simao.fr\/index.php?rest_route=\/wp\/v2\/pages"}],"about":[{"href":"https:\/\/maths-simao.fr\/index.php?rest_route=\/wp\/v2\/types\/page"}],"author":[{"embeddable":true,"href":"https:\/\/maths-simao.fr\/index.php?rest_route=\/wp\/v2\/users\/1"}],"replies":[{"embeddable":true,"href":"https:\/\/maths-simao.fr\/index.php?rest_route=%2Fwp%2Fv2%2Fcomments&post=76"}],"version-history":[{"count":44,"href":"https:\/\/maths-simao.fr\/index.php?rest_route=\/wp\/v2\/pages\/76\/revisions"}],"predecessor-version":[{"id":1702,"href":"https:\/\/maths-simao.fr\/index.php?rest_route=\/wp\/v2\/pages\/76\/revisions\/1702"}],"wp:attachment":[{"href":"https:\/\/maths-simao.fr\/index.php?rest_route=%2Fwp%2Fv2%2Fmedia&parent=76"}],"curies":[{"name":"wp","href":"https:\/\/api.w.org\/{rel}","templated":true}]}}